{"id":81,"date":"2014-06-27T13:15:43","date_gmt":"2014-06-27T11:15:43","guid":{"rendered":"http:\/\/www.fw-andrea.at\/wp\/?page_id=81"},"modified":"2025-01-13T12:33:42","modified_gmt":"2025-01-13T10:33:42","slug":"ferienwohnung-victoria","status":"publish","type":"page","link":"https:\/\/www.fw-andrea.at\/wp\/?page_id=81","title":{"rendered":"Ferienwohnung Victoria"},"content":{"rendered":"\n<p>Aufgeteilt in:<\/p>\n\n\n\n<h3 class=\"wp-block-heading\">Wohnzimmer<\/h3>\n\n\n\n<p>Eckbank\/Essecke<br>Sitzecke<br>SAT-TV\/Radio<br>Balkon<\/p>\n\n\n\n<figure class=\"wp-block-image size-large\"><a href=\"https:\/\/www.fw-andrea.at\/wp\/wp-content\/uploads\/2022\/02\/20220113_142656_2.jpg\"><img loading=\"lazy\" decoding=\"async\" width=\"1024\" height=\"576\" src=\"https:\/\/www.fw-andrea.at\/wp\/wp-content\/uploads\/2022\/02\/20220113_142656_2-1024x576.jpg\" alt=\"\" class=\"wp-image-408\" srcset=\"https:\/\/www.fw-andrea.at\/wp\/wp-content\/uploads\/2022\/02\/20220113_142656_2-1024x576.jpg 1024w, https:\/\/www.fw-andrea.at\/wp\/wp-content\/uploads\/2022\/02\/20220113_142656_2-300x169.jpg 300w, https:\/\/www.fw-andrea.at\/wp\/wp-content\/uploads\/2022\/02\/20220113_142656_2-768x432.jpg 768w, https:\/\/www.fw-andrea.at\/wp\/wp-content\/uploads\/2022\/02\/20220113_142656_2.jpg 1301w\" sizes=\"(max-width: 1024px) 100vw, 1024px\" \/><\/a><\/figure>\n\n\n\n<h3 class=\"wp-block-heading\">2 Schlafzimmer (1x Eltern-, 1x Kinderzimmer)<\/h3>\n\n\n\n<p><strong>Elternschlafzimmer<\/strong><br>Doppelbette (bereits bezogen)<br>2 Nachtkonsolen<br>Zentralheizung<br>3-t\u00fcriger Schrank inkl. Schranksafe<br>Ausreichend Platz f\u00fcr ein Zusatzbett<\/p>\n\n\n\n<p><strong>Kinderschlafzimmer<\/strong><br>2 Einzelbetten (bereits bezogen)<br>2 Nachtkonsolen<br>2-t\u00fcriger Schrank<\/p>\n\n\n\n<figure class=\"wp-block-image size-large\"><a href=\"https:\/\/www.fw-andrea.at\/wp\/wp-content\/uploads\/2022\/02\/inCollage_20220122_101930178.jpg\"><img loading=\"lazy\" decoding=\"async\" width=\"732\" height=\"732\" src=\"https:\/\/www.fw-andrea.at\/wp\/wp-content\/uploads\/2022\/02\/inCollage_20220122_101930178.jpg\" alt=\"\" class=\"wp-image-410\" srcset=\"https:\/\/www.fw-andrea.at\/wp\/wp-content\/uploads\/2022\/02\/inCollage_20220122_101930178.jpg 732w, https:\/\/www.fw-andrea.at\/wp\/wp-content\/uploads\/2022\/02\/inCollage_20220122_101930178-300x300.jpg 300w, https:\/\/www.fw-andrea.at\/wp\/wp-content\/uploads\/2022\/02\/inCollage_20220122_101930178-150x150.jpg 150w\" sizes=\"(max-width: 732px) 100vw, 732px\" \/><\/a><\/figure>\n\n\n\n<figure class=\"wp-block-image size-large is-resized\"><a href=\"https:\/\/www.fw-andrea.at\/wp\/wp-content\/uploads\/2022\/02\/20220113_143119_2.jpg\"><img loading=\"lazy\" decoding=\"async\" width=\"1024\" height=\"576\" src=\"https:\/\/www.fw-andrea.at\/wp\/wp-content\/uploads\/2022\/02\/20220113_143119_2-1024x576.jpg\" alt=\"\" class=\"wp-image-411\" style=\"width:729px;height:410px\" srcset=\"https:\/\/www.fw-andrea.at\/wp\/wp-content\/uploads\/2022\/02\/20220113_143119_2-1024x576.jpg 1024w, https:\/\/www.fw-andrea.at\/wp\/wp-content\/uploads\/2022\/02\/20220113_143119_2-300x169.jpg 300w, https:\/\/www.fw-andrea.at\/wp\/wp-content\/uploads\/2022\/02\/20220113_143119_2-768x432.jpg 768w, https:\/\/www.fw-andrea.at\/wp\/wp-content\/uploads\/2022\/02\/20220113_143119_2.jpg 1301w\" sizes=\"(max-width: 1024px) 100vw, 1024px\" \/><\/a><\/figure>\n\n\n\n<h3 class=\"wp-block-heading\">K\u00fcche<\/h3>\n\n\n\n<p>K\u00fchlschrank mit Gefrierfach<br>Elektroherd mit Backofen<br>Vollautomatische Kaffeemaschine (Bohnen)<br>Toaster<br>Wasserkocher<br>Geschirrsp\u00fcler<\/p>\n\n\n\n<p>F\u00fcr bis zu 6 Personen voll ausgestattet.<\/p>\n\n\n\n<div class=\"wp-block-group\"><div class=\"wp-block-group__inner-container is-layout-flow wp-block-group-is-layout-flow\">\n<figure class=\"wp-block-gallery has-nested-images columns-default is-cropped wp-block-gallery-1 is-layout-flex wp-block-gallery-is-layout-flex\">\n<figure class=\"wp-block-image size-large\"><img loading=\"lazy\" decoding=\"async\" width=\"1024\" height=\"768\" src=\"https:\/\/www.fw-andrea.at\/wp\/wp-content\/uploads\/2021\/06\/20210616_152808-1-1024x768.jpg\" alt=\"\" class=\"wp-image-396\" srcset=\"https:\/\/www.fw-andrea.at\/wp\/wp-content\/uploads\/2021\/06\/20210616_152808-1-1024x768.jpg 1024w, https:\/\/www.fw-andrea.at\/wp\/wp-content\/uploads\/2021\/06\/20210616_152808-1-300x225.jpg 300w, https:\/\/www.fw-andrea.at\/wp\/wp-content\/uploads\/2021\/06\/20210616_152808-1-768x576.jpg 768w, https:\/\/www.fw-andrea.at\/wp\/wp-content\/uploads\/2021\/06\/20210616_152808-1-1536x1152.jpg 1536w, https:\/\/www.fw-andrea.at\/wp\/wp-content\/uploads\/2021\/06\/20210616_152808-1-2048x1536.jpg 2048w\" sizes=\"(max-width: 1024px) 100vw, 1024px\" \/><\/figure>\n\n\n\n<figure class=\"wp-block-image size-large\"><img loading=\"lazy\" decoding=\"async\" width=\"1024\" height=\"768\" src=\"https:\/\/www.fw-andrea.at\/wp\/wp-content\/uploads\/2021\/06\/20210616_152704-1-1024x768.jpg\" alt=\"\" class=\"wp-image-395\" srcset=\"https:\/\/www.fw-andrea.at\/wp\/wp-content\/uploads\/2021\/06\/20210616_152704-1-1024x768.jpg 1024w, https:\/\/www.fw-andrea.at\/wp\/wp-content\/uploads\/2021\/06\/20210616_152704-1-300x225.jpg 300w, https:\/\/www.fw-andrea.at\/wp\/wp-content\/uploads\/2021\/06\/20210616_152704-1-768x576.jpg 768w, https:\/\/www.fw-andrea.at\/wp\/wp-content\/uploads\/2021\/06\/20210616_152704-1-1536x1152.jpg 1536w, https:\/\/www.fw-andrea.at\/wp\/wp-content\/uploads\/2021\/06\/20210616_152704-1-2048x1536.jpg 2048w\" sizes=\"(max-width: 1024px) 100vw, 1024px\" \/><\/figure>\n\n\n\n<figure class=\"wp-block-image size-large\"><img loading=\"lazy\" decoding=\"async\" width=\"1024\" height=\"576\" src=\"https:\/\/www.fw-andrea.at\/wp\/wp-content\/uploads\/2022\/02\/20220113_143721_2-1024x576.jpg\" alt=\"\" class=\"wp-image-412\" srcset=\"https:\/\/www.fw-andrea.at\/wp\/wp-content\/uploads\/2022\/02\/20220113_143721_2-1024x576.jpg 1024w, https:\/\/www.fw-andrea.at\/wp\/wp-content\/uploads\/2022\/02\/20220113_143721_2-300x169.jpg 300w, https:\/\/www.fw-andrea.at\/wp\/wp-content\/uploads\/2022\/02\/20220113_143721_2-768x432.jpg 768w, https:\/\/www.fw-andrea.at\/wp\/wp-content\/uploads\/2022\/02\/20220113_143721_2.jpg 1301w\" sizes=\"(max-width: 1024px) 100vw, 1024px\" \/><\/figure>\n<\/figure>\n<\/div><\/div>\n\n\n\n<h3 class=\"wp-block-heading\">Badezimmer<\/h3>\n\n\n\n<p>Dusche<br>Waschbecken<br>Spiegelschrank<br>Handtuchw\u00e4rmer<br>Fu\u00dfbodenheizung<br>F\u00f6hn<br>Badet\u00fccher und Handt\u00fccher liegen f\u00fcr sie bereit.<\/p>\n\n\n\n<p>Das WC befindet sich im Badezimmer.<\/p>\n\n\n\n<figure class=\"wp-block-image size-large is-resized\"><a href=\"https:\/\/www.fw-andrea.at\/wp\/wp-content\/uploads\/2022\/02\/20220113_143014_2.jpg\"><img loading=\"lazy\" decoding=\"async\" width=\"412\" height=\"732\" src=\"https:\/\/www.fw-andrea.at\/wp\/wp-content\/uploads\/2022\/02\/20220113_143014_2.jpg\" alt=\"\" class=\"wp-image-413\" style=\"width:270px;height:480px\" srcset=\"https:\/\/www.fw-andrea.at\/wp\/wp-content\/uploads\/2022\/02\/20220113_143014_2.jpg 412w, https:\/\/www.fw-andrea.at\/wp\/wp-content\/uploads\/2022\/02\/20220113_143014_2-169x300.jpg 169w\" sizes=\"(max-width: 412px) 100vw, 412px\" \/><\/a><\/figure>\n\n\n\n<figure class=\"wp-block-image\"><img loading=\"lazy\" decoding=\"async\" width=\"202\" height=\"256\" src=\"https:\/\/www.fw-andrea.at\/wp\/wp-content\/uploads\/2014\/07\/FeWoVictoria.jpg\" alt=\"\" class=\"wp-image-251\"\/><\/figure>\n","protected":false},"excerpt":{"rendered":"<p>Aufgeteilt in: Wohnzimmer Eckbank\/EsseckeSitzeckeSAT-TV\/RadioBalkon 2 Schlafzimmer (1x Eltern-, 1x Kinderzimmer) ElternschlafzimmerDoppelbette (bereits bezogen)2 NachtkonsolenZentralheizung3-t\u00fcriger Schrank inkl. SchranksafeAusreichend Platz f\u00fcr ein Zusatzbett Kinderschlafzimmer2 Einzelbetten (bereits bezogen)2 Nachtkonsolen2-t\u00fcriger Schrank K\u00fcche K\u00fchlschrank mit GefrierfachElektroherd mit BackofenVollautomatische Kaffeemaschine (Bohnen)ToasterWasserkocherGeschirrsp\u00fcler F\u00fcr bis zu 6 Personen voll ausgestattet. Badezimmer DuscheWaschbeckenSpiegelschrankHandtuchw\u00e4rmerFu\u00dfbodenheizungF\u00f6hnBadet\u00fccher und Handt\u00fccher liegen f\u00fcr sie bereit. Das WC befindet sich im [&hellip;]<\/p>\n","protected":false},"author":1,"featured_media":0,"parent":0,"menu_order":0,"comment_status":"closed","ping_status":"closed","template":"","meta":{"footnotes":""},"class_list":["post-81","page","type-page","status-publish","hentry"],"jetpack_shortlink":"https:\/\/wp.me\/P4MPbU-1j","jetpack_sharing_enabled":true,"_links":{"self":[{"href":"https:\/\/www.fw-andrea.at\/wp\/index.php?rest_route=\/wp\/v2\/pages\/81"}],"collection":[{"href":"https:\/\/www.fw-andrea.at\/wp\/index.php?rest_route=\/wp\/v2\/pages"}],"about":[{"href":"https:\/\/www.fw-andrea.at\/wp\/index.php?rest_route=\/wp\/v2\/types\/page"}],"author":[{"embeddable":true,"href":"https:\/\/www.fw-andrea.at\/wp\/index.php?rest_route=\/wp\/v2\/users\/1"}],"replies":[{"embeddable":true,"href":"https:\/\/www.fw-andrea.at\/wp\/index.php?rest_route=%2Fwp%2Fv2%2Fcomments&post=81"}],"version-history":[{"count":20,"href":"https:\/\/www.fw-andrea.at\/wp\/index.php?rest_route=\/wp\/v2\/pages\/81\/revisions"}],"predecessor-version":[{"id":447,"href":"https:\/\/www.fw-andrea.at\/wp\/index.php?rest_route=\/wp\/v2\/pages\/81\/revisions\/447"}],"wp:attachment":[{"href":"https:\/\/www.fw-andrea.at\/wp\/index.php?rest_route=%2Fwp%2Fv2%2Fmedia&parent=81"}],"curies":[{"name":"wp","href":"https:\/\/api.w.org\/{rel}","templated":true}]}}