{"id":46,"date":"2014-07-03T02:04:29","date_gmt":"2014-07-03T00:04:29","guid":{"rendered":"http:\/\/sonnenhof-stanzach.bertramschedler.at\/wordpress\/?page_id=46"},"modified":"2022-02-09T12:27:09","modified_gmt":"2022-02-09T10:27:09","slug":"zimmerbilder","status":"publish","type":"page","link":"https:\/\/www.fw-andrea.at\/wp\/?page_id=46","title":{"rendered":"Ferienwohnung Andrea"},"content":{"rendered":"\n<h3 class=\"wp-block-heading\">Aufgeteilt in:<\/h3>\n\n\n\n<h3 class=\"wp-block-heading\">Wohnzimmer<\/h3>\n\n\n\n<p>Eckbank\/Essecke<br>Sitzecke<br>SAT-TV\/Radio<br>Balkon<\/p>\n\n\n\n<figure class=\"wp-block-image size-large is-resized\"><a href=\"https:\/\/www.fw-andrea.at\/wp\/wp-content\/uploads\/2022\/02\/inCollage_20220122_102039724.jpg\"><img loading=\"lazy\" decoding=\"async\" src=\"https:\/\/www.fw-andrea.at\/wp\/wp-content\/uploads\/2022\/02\/inCollage_20220122_102039724.jpg\" alt=\"\" class=\"wp-image-401\" width=\"838\" height=\"838\" srcset=\"https:\/\/www.fw-andrea.at\/wp\/wp-content\/uploads\/2022\/02\/inCollage_20220122_102039724.jpg 732w, https:\/\/www.fw-andrea.at\/wp\/wp-content\/uploads\/2022\/02\/inCollage_20220122_102039724-300x300.jpg 300w, https:\/\/www.fw-andrea.at\/wp\/wp-content\/uploads\/2022\/02\/inCollage_20220122_102039724-150x150.jpg 150w\" sizes=\"(max-width: 838px) 100vw, 838px\" \/><\/a><\/figure>\n\n\n\n<h3 class=\"wp-block-heading\">2 Schlafzimmer (1x Eltern-, 1x Kinderzimmer)<\/h3>\n\n\n\n<p><strong>Elternschlafzimmer<\/strong><br>Doppelbett (bereits bezogen)<br>2 Nachtkonsolen<\/p>\n\n\n\n<p><strong>Balkon<\/strong><br>Zentralheizung<br>3-t\u00fcriger Schrank inkl. Schranksafe<br>Ausreichend Platz f\u00fcr ein Zusatzbett<\/p>\n\n\n\n<p><strong>Kinderschlafzimmer<\/strong><br>2 Einzelbetten (bereits bezogen)<br>2 Nachtkonsolen<br>2-t\u00fcriger Schrank<\/p>\n\n\n\n<figure class=\"wp-block-image size-large is-resized\"><a href=\"https:\/\/www.fw-andrea.at\/wp\/wp-content\/uploads\/2022\/02\/inCollage_20220122_102231772.jpg\"><img loading=\"lazy\" decoding=\"async\" src=\"https:\/\/www.fw-andrea.at\/wp\/wp-content\/uploads\/2022\/02\/inCollage_20220122_102231772.jpg\" alt=\"\" class=\"wp-image-403\" width=\"843\" height=\"843\" srcset=\"https:\/\/www.fw-andrea.at\/wp\/wp-content\/uploads\/2022\/02\/inCollage_20220122_102231772.jpg 732w, https:\/\/www.fw-andrea.at\/wp\/wp-content\/uploads\/2022\/02\/inCollage_20220122_102231772-300x300.jpg 300w, https:\/\/www.fw-andrea.at\/wp\/wp-content\/uploads\/2022\/02\/inCollage_20220122_102231772-150x150.jpg 150w\" sizes=\"(max-width: 843px) 100vw, 843px\" \/><\/a><\/figure>\n\n\n\n<figure class=\"wp-block-image size-large\"><a href=\"https:\/\/www.fw-andrea.at\/wp\/wp-content\/uploads\/2022\/02\/20220113_144457_2.jpg\"><img loading=\"lazy\" decoding=\"async\" width=\"1024\" height=\"576\" src=\"https:\/\/www.fw-andrea.at\/wp\/wp-content\/uploads\/2022\/02\/20220113_144457_2-1024x576.jpg\" alt=\"\" class=\"wp-image-406\" srcset=\"https:\/\/www.fw-andrea.at\/wp\/wp-content\/uploads\/2022\/02\/20220113_144457_2-1024x576.jpg 1024w, https:\/\/www.fw-andrea.at\/wp\/wp-content\/uploads\/2022\/02\/20220113_144457_2-300x169.jpg 300w, https:\/\/www.fw-andrea.at\/wp\/wp-content\/uploads\/2022\/02\/20220113_144457_2-768x432.jpg 768w, https:\/\/www.fw-andrea.at\/wp\/wp-content\/uploads\/2022\/02\/20220113_144457_2.jpg 1301w\" sizes=\"(max-width: 1024px) 100vw, 1024px\" \/><\/a><\/figure>\n\n\n\n<h3 class=\"wp-block-heading\">K\u00fcche<\/h3>\n\n\n\n<p>K\u00fchlschrank mit Gefrierfach<br>Elektroherd mit Backofen<br>Vollautomatische Kaffeemaschine (Bohnen)<br>Toaster<br>Wasserkocher<br>Geschirrsp\u00fcler<\/p>\n\n\n\n<p>F\u00fcr bis zu 6 Personen voll ausgestattet.<\/p>\n\n\n\n<figure class=\"wp-block-image size-large is-resized\"><a href=\"https:\/\/www.fw-andrea.at\/wp\/wp-content\/uploads\/2022\/02\/20220113_144024_2.jpg\"><img loading=\"lazy\" decoding=\"async\" src=\"https:\/\/www.fw-andrea.at\/wp\/wp-content\/uploads\/2022\/02\/20220113_144024_2-1024x461.jpg\" alt=\"\" class=\"wp-image-404\" width=\"856\" height=\"385\" srcset=\"https:\/\/www.fw-andrea.at\/wp\/wp-content\/uploads\/2022\/02\/20220113_144024_2-1024x461.jpg 1024w, https:\/\/www.fw-andrea.at\/wp\/wp-content\/uploads\/2022\/02\/20220113_144024_2-300x135.jpg 300w, https:\/\/www.fw-andrea.at\/wp\/wp-content\/uploads\/2022\/02\/20220113_144024_2-768x346.jpg 768w, https:\/\/www.fw-andrea.at\/wp\/wp-content\/uploads\/2022\/02\/20220113_144024_2.jpg 1440w\" sizes=\"(max-width: 856px) 100vw, 856px\" \/><\/a><\/figure>\n\n\n\n<h3 class=\"wp-block-heading\">Badezimmer<\/h3>\n\n\n\n<p>Dusche<br>Waschbecken<br>Spiegelschrank<br>Handtuchw\u00e4rmer<br>Fu\u00dfbodenheizung<br>F\u00f6hn<br>Badet\u00fccher und Handt\u00fccher liegen f\u00fcr sie bereit.<\/p>\n\n\n\n<figure class=\"wp-block-image size-large is-resized\"><a href=\"https:\/\/www.fw-andrea.at\/wp\/wp-content\/uploads\/2022\/02\/20220113_144340_2.jpg\"><img loading=\"lazy\" decoding=\"async\" src=\"https:\/\/www.fw-andrea.at\/wp\/wp-content\/uploads\/2022\/02\/20220113_144340_2.jpg\" alt=\"\" class=\"wp-image-405\" width=\"314\" height=\"392\" srcset=\"https:\/\/www.fw-andrea.at\/wp\/wp-content\/uploads\/2022\/02\/20220113_144340_2.jpg 586w, https:\/\/www.fw-andrea.at\/wp\/wp-content\/uploads\/2022\/02\/20220113_144340_2-240x300.jpg 240w\" sizes=\"(max-width: 314px) 100vw, 314px\" \/><\/a><\/figure>\n\n\n\n<figure class=\"wp-block-image is-style-circle-mask\"><img loading=\"lazy\" decoding=\"async\" width=\"502\" height=\"640\" src=\"https:\/\/www.fw-andrea.at\/wp\/wp-content\/uploads\/2014\/07\/FeWoAndrea-2.jpg\" alt=\"\" class=\"wp-image-246\" srcset=\"https:\/\/www.fw-andrea.at\/wp\/wp-content\/uploads\/2014\/07\/FeWoAndrea-2.jpg 502w, https:\/\/www.fw-andrea.at\/wp\/wp-content\/uploads\/2014\/07\/FeWoAndrea-2-235x300.jpg 235w\" sizes=\"(max-width: 502px) 100vw, 502px\" \/><\/figure>\n","protected":false},"excerpt":{"rendered":"<p>Aufgeteilt in: Wohnzimmer Eckbank\/EsseckeSitzeckeSAT-TV\/RadioBalkon 2 Schlafzimmer (1x Eltern-, 1x Kinderzimmer) ElternschlafzimmerDoppelbett (bereits bezogen)2 Nachtkonsolen BalkonZentralheizung3-t\u00fcriger Schrank inkl. SchranksafeAusreichend Platz f\u00fcr ein Zusatzbett Kinderschlafzimmer2 Einzelbetten (bereits bezogen)2 Nachtkonsolen2-t\u00fcriger Schrank K\u00fcche K\u00fchlschrank mit GefrierfachElektroherd mit BackofenVollautomatische Kaffeemaschine (Bohnen)ToasterWasserkocherGeschirrsp\u00fcler F\u00fcr bis zu 6 Personen voll ausgestattet. Badezimmer DuscheWaschbeckenSpiegelschrankHandtuchw\u00e4rmerFu\u00dfbodenheizungF\u00f6hnBadet\u00fccher und Handt\u00fccher liegen f\u00fcr sie bereit.<\/p>\n","protected":false},"author":1,"featured_media":0,"parent":0,"menu_order":0,"comment_status":"closed","ping_status":"closed","template":"","meta":{"footnotes":""},"class_list":["post-46","page","type-page","status-publish","hentry"],"jetpack_shortlink":"https:\/\/wp.me\/P4MPbU-K","jetpack_sharing_enabled":true,"_links":{"self":[{"href":"https:\/\/www.fw-andrea.at\/wp\/index.php?rest_route=\/wp\/v2\/pages\/46"}],"collection":[{"href":"https:\/\/www.fw-andrea.at\/wp\/index.php?rest_route=\/wp\/v2\/pages"}],"about":[{"href":"https:\/\/www.fw-andrea.at\/wp\/index.php?rest_route=\/wp\/v2\/types\/page"}],"author":[{"embeddable":true,"href":"https:\/\/www.fw-andrea.at\/wp\/index.php?rest_route=\/wp\/v2\/users\/1"}],"replies":[{"embeddable":true,"href":"https:\/\/www.fw-andrea.at\/wp\/index.php?rest_route=%2Fwp%2Fv2%2Fcomments&post=46"}],"version-history":[{"count":21,"href":"https:\/\/www.fw-andrea.at\/wp\/index.php?rest_route=\/wp\/v2\/pages\/46\/revisions"}],"predecessor-version":[{"id":407,"href":"https:\/\/www.fw-andrea.at\/wp\/index.php?rest_route=\/wp\/v2\/pages\/46\/revisions\/407"}],"wp:attachment":[{"href":"https:\/\/www.fw-andrea.at\/wp\/index.php?rest_route=%2Fwp%2Fv2%2Fmedia&parent=46"}],"curies":[{"name":"wp","href":"https:\/\/api.w.org\/{rel}","templated":true}]}}