{"id":43,"date":"2013-08-14T23:21:37","date_gmt":"2013-08-14T23:21:37","guid":{"rendered":"http:\/\/sonnenhof-stanzach.bertramschedler.at\/wordpress\/?page_id=21"},"modified":"2019-10-10T23:57:41","modified_gmt":"2019-10-10T21:57:41","slug":"anreise","status":"publish","type":"page","link":"https:\/\/www.fw-andrea.at\/wp\/?page_id=43","title":{"rendered":"Lage &#038; Anreise"},"content":{"rendered":"<p>Sie finden uns mit dem Routenplaner ganz einfach:<\/p>\n<p><iframe loading=\"lazy\" style=\"border: 0;\" src=\"https:\/\/www.google.com\/maps\/embed?pb=!1m14!1m8!1m3!1d2708.410828238007!2d10.311843699999999!3d47.2476693!3m2!1i1024!2i768!4f13.1!3m3!1m2!1s0x479cbcef227016b3%3A0xe2e0fd7fba2844bc!2sH%C3%A4gerau+32a!5e0!3m2!1sde!2sat!4v1403866210123\" width=\"600\" height=\"450\" frameborder=\"0\"><\/iframe><\/p>\n\n\n<h2 class=\"wp-block-heading\">Anreise mit dem Auto<\/h2>\n\n\n\n<p><strong>&#8211; aus dem Raum Hamburg, Hannover, Kassel, W\u00fcrzburg, Ulm:<\/strong><br>A7-Abfahrt F\u00fcssen, Bundesstr.310 bis Grenze Pinswang oder A95-Abfahrt Garmisch, Bundesstr.24 bis Grenze Griessen. Weiter \u00d6sterr. Bundesstr. 314 bis Reutte und auf Staatsstr. 198 nach H\u00e4gerau\/Steeg. Bei Stau vor dem Grenztunnel F\u00fcssen: A 8\/A7 bis Oy, Oberjoch, Tannheim, Wei\u00dfenbach, Steeg\/H\u00e4gerau<br>&#8211;<strong>aus dem Bodenseeraum:<\/strong><br>\u00d6sterr. Staatsstr. 200 (Bregenzer Wald) \u00fcber den Hochtannbergpass bis Warth, weiter \u00d6sterr. Staatsstr. 198 nach H\u00e4gerau\/Steeg.<\/p>\n\n\n\n<h2 class=\"wp-block-heading\">Anreise mit der Bahn<\/h2>\n\n\n\n<p>Deutsche Bundesbahn \u00fcber Ulm-Kempten bis Bahnhof Reutte. \u00dcber M\u00fcnchen und Garmisch ebenfalls bis Reutte. Weiter mit dem Lienienbus oder mit dem Taxi bis nach Steeg\/H\u00e4gerau (Haltestelle H\u00e4gerau H\u00f6f). Bahnhof Langen am Arlberg, weiter mit Postbus \u00fcber Lech-Z\u00fcrs nach Warth und weiter nach\u00a0H\u00e4gerau\/Steeg (nur im Sommer m\u00f6glich).<\/p>\n","protected":false},"excerpt":{"rendered":"<p>Sie finden uns mit dem Routenplaner ganz einfach: Anreise mit dem Auto &#8211; aus dem Raum Hamburg, Hannover, Kassel, W\u00fcrzburg, Ulm:A7-Abfahrt F\u00fcssen, Bundesstr.310 bis Grenze Pinswang oder A95-Abfahrt Garmisch, Bundesstr.24 bis Grenze Griessen. Weiter \u00d6sterr. Bundesstr. 314 bis Reutte und auf Staatsstr. 198 nach H\u00e4gerau\/Steeg. Bei Stau vor dem Grenztunnel F\u00fcssen: A 8\/A7 bis Oy, [&hellip;]<\/p>\n","protected":false},"author":1,"featured_media":0,"parent":0,"menu_order":0,"comment_status":"closed","ping_status":"closed","template":"","meta":{"footnotes":""},"class_list":["post-43","page","type-page","status-publish","hentry"],"jetpack_shortlink":"https:\/\/wp.me\/P4MPbU-H","jetpack_sharing_enabled":true,"_links":{"self":[{"href":"https:\/\/www.fw-andrea.at\/wp\/index.php?rest_route=\/wp\/v2\/pages\/43"}],"collection":[{"href":"https:\/\/www.fw-andrea.at\/wp\/index.php?rest_route=\/wp\/v2\/pages"}],"about":[{"href":"https:\/\/www.fw-andrea.at\/wp\/index.php?rest_route=\/wp\/v2\/types\/page"}],"author":[{"embeddable":true,"href":"https:\/\/www.fw-andrea.at\/wp\/index.php?rest_route=\/wp\/v2\/users\/1"}],"replies":[{"embeddable":true,"href":"https:\/\/www.fw-andrea.at\/wp\/index.php?rest_route=%2Fwp%2Fv2%2Fcomments&post=43"}],"version-history":[{"count":5,"href":"https:\/\/www.fw-andrea.at\/wp\/index.php?rest_route=\/wp\/v2\/pages\/43\/revisions"}],"predecessor-version":[{"id":348,"href":"https:\/\/www.fw-andrea.at\/wp\/index.php?rest_route=\/wp\/v2\/pages\/43\/revisions\/348"}],"wp:attachment":[{"href":"https:\/\/www.fw-andrea.at\/wp\/index.php?rest_route=%2Fwp%2Fv2%2Fmedia&parent=43"}],"curies":[{"name":"wp","href":"https:\/\/api.w.org\/{rel}","templated":true}]}}