{"id":38,"date":"2014-07-03T01:17:46","date_gmt":"2014-07-02T23:17:46","guid":{"rendered":"http:\/\/sonnenhof-stanzach.bertramschedler.at\/wordpress\/?page_id=15"},"modified":"2018-08-26T23:33:04","modified_gmt":"2018-08-26T21:33:04","slug":"zimmerpreise","status":"publish","type":"page","link":"https:\/\/www.fw-andrea.at\/wp\/?page_id=38","title":{"rendered":"Ferienwohnungen\/Preise"},"content":{"rendered":"<p>Unsere liebevoll eingerichteten Ferienwohnungen mit Dusche sollen Ihnen Ihre Urlaubstage so erholsam wie m\u00f6glich machen. Die ger\u00e4umigen und sonnigen Balkone gew\u00e4hren Ihnen einen wunderbaren Panoramablick in unsere romantische Bergkulisse. Jede Ferienwohnung verf\u00fcgt \u00fcber <strong>Gratis WLAN<\/strong> <b>\u00a0<\/b>Genauso haben alle G\u00e4ste die M\u00f6glichkeit den Grill am Hauseigenen Grillbereich zu nutzen.<\/p>\n<p>Senden Sie uns Ihre Anfrage, wir bieten ihnen unsere Ferienwohnungen gerne zu unserem besten Preis an.<\/p>\n<p>&nbsp;<\/p>\n<p><a href=\"http:\/\/www.fw-andrea.at\/wp\/wp-content\/uploads\/2018\/08\/Hausfront.jpg\"><img decoding=\"async\" class=\"alignright size-medium wp-image-298\" src=\"http:\/\/www.fw-andrea.at\/wp\/wp-content\/uploads\/2018\/08\/Hausfront.jpg\" alt=\"\" \/><\/a><\/p>\n","protected":false},"excerpt":{"rendered":"<p>Unsere liebevoll eingerichteten Ferienwohnungen mit Dusche sollen Ihnen Ihre Urlaubstage so erholsam wie m\u00f6glich machen. Die ger\u00e4umigen und sonnigen Balkone gew\u00e4hren Ihnen einen wunderbaren Panoramablick in unsere romantische Bergkulisse. Jede Ferienwohnung verf\u00fcgt \u00fcber Gratis WLAN \u00a0Genauso haben alle G\u00e4ste die M\u00f6glichkeit den Grill am Hauseigenen Grillbereich zu nutzen. Senden Sie uns Ihre Anfrage, wir bieten [&hellip;]<\/p>\n","protected":false},"author":1,"featured_media":0,"parent":0,"menu_order":0,"comment_status":"closed","ping_status":"closed","template":"","meta":{"footnotes":""},"class_list":["post-38","page","type-page","status-publish","hentry"],"jetpack_shortlink":"https:\/\/wp.me\/P4MPbU-C","jetpack_sharing_enabled":true,"_links":{"self":[{"href":"https:\/\/www.fw-andrea.at\/wp\/index.php?rest_route=\/wp\/v2\/pages\/38"}],"collection":[{"href":"https:\/\/www.fw-andrea.at\/wp\/index.php?rest_route=\/wp\/v2\/pages"}],"about":[{"href":"https:\/\/www.fw-andrea.at\/wp\/index.php?rest_route=\/wp\/v2\/types\/page"}],"author":[{"embeddable":true,"href":"https:\/\/www.fw-andrea.at\/wp\/index.php?rest_route=\/wp\/v2\/users\/1"}],"replies":[{"embeddable":true,"href":"https:\/\/www.fw-andrea.at\/wp\/index.php?rest_route=%2Fwp%2Fv2%2Fcomments&post=38"}],"version-history":[{"count":10,"href":"https:\/\/www.fw-andrea.at\/wp\/index.php?rest_route=\/wp\/v2\/pages\/38\/revisions"}],"predecessor-version":[{"id":416,"href":"https:\/\/www.fw-andrea.at\/wp\/index.php?rest_route=\/wp\/v2\/pages\/38\/revisions\/416"}],"wp:attachment":[{"href":"https:\/\/www.fw-andrea.at\/wp\/index.php?rest_route=%2Fwp%2Fv2%2Fmedia&parent=38"}],"curies":[{"name":"wp","href":"https:\/\/api.w.org\/{rel}","templated":true}]}}