{"id":36,"date":"2013-08-14T23:15:54","date_gmt":"2013-08-14T23:15:54","guid":{"rendered":"http:\/\/sonnenhof-stanzach.bertramschedler.at\/wordpress\/?page_id=11"},"modified":"2014-07-04T10:38:07","modified_gmt":"2014-07-04T08:38:07","slug":"unsere-umgebung","status":"publish","type":"page","link":"https:\/\/www.fw-andrea.at\/wp\/?page_id=36","title":{"rendered":"Unsere Umgebung"},"content":{"rendered":"<p>Die wundersch\u00f6ne und unber\u00fchrte Natur des noch urspr\u00fcnglichen Lechtales bietet Ihnen zahlreiche Wanderm\u00f6glichkeiten auf etwa 50 Alm- und Schutzh\u00fctten, atemberaubende Bergseen und Berggipfel sowie imposante Wasserf\u00e4lle und Schluchten. Selbstverst\u00e4ndlich k\u00f6nnen Sie an sch\u00f6nen Tagen das Lechtal und seine Seitent\u00e4ler auch mit dem Bike auf idyllisch angelegten Radwegen erleben. Wollen Sie in Ihrem Urlaub mehr Action, so empfehlen wir Ihnen, sich bei Canyoning, Rafting oder Paragliding auszutoben.<\/p>\n<p>&nbsp;<\/p>\n<p>Unz\u00e4hlige kulturelle Angebote wie beispielsweise Tiroler Brauchtumsabende, Platzkonzerte der heimischen Musikkapelle, Theaterauff\u00fchrungen mehrerer Lechtaler Heimatb\u00fchnen oder ein Besuch der Geierwally-Freilichtb\u00fchne und der Schnitzschule im benachbarten Elbigenalp sollen Ihren Urlaub abrunden.<\/p>\n<p>&nbsp;<\/p>\n<p>Der Winter im Lechtal ist ein Paradies f\u00fcr Schneebegeisterte. In weniger als 20\u00a0Fahrminuten erreichen Sie das Schigebiet Warth\/Schr\u00f6cken\u00a0mit seinen bestens pr\u00e4parierten Pisten, die Langlaufloipe f\u00fchrt unweit an unserem Haus vorbei. Sie k\u00f6nnen aber auch auf\u00a0 ausgedehnten und gut ger\u00e4umten Wanderwegen einfach nur die romantische Winterlandschaft und die klare Luft genie\u00dfen. F\u00fcr Schifahrer, die mehr Herausforderungen suchen, bieten sich mehrere gr\u00f6\u00dfere Schigebiete in der N\u00e4he an, die mittels Schibus bequem erreichbar sind.<\/p>\n","protected":false},"excerpt":{"rendered":"<p>Die wundersch\u00f6ne und unber\u00fchrte Natur des noch urspr\u00fcnglichen Lechtales bietet Ihnen zahlreiche Wanderm\u00f6glichkeiten auf etwa 50 Alm- und Schutzh\u00fctten, atemberaubende Bergseen und Berggipfel sowie imposante Wasserf\u00e4lle und Schluchten. Selbstverst\u00e4ndlich k\u00f6nnen Sie an sch\u00f6nen Tagen das Lechtal und seine Seitent\u00e4ler auch mit dem Bike auf idyllisch angelegten Radwegen erleben. Wollen Sie in Ihrem Urlaub mehr Action, [&hellip;]<\/p>\n","protected":false},"author":1,"featured_media":12,"parent":0,"menu_order":0,"comment_status":"closed","ping_status":"closed","template":"","meta":{"footnotes":""},"class_list":["post-36","page","type-page","status-publish","has-post-thumbnail","hentry"],"jetpack_shortlink":"https:\/\/wp.me\/P4MPbU-A","jetpack_sharing_enabled":true,"_links":{"self":[{"href":"https:\/\/www.fw-andrea.at\/wp\/index.php?rest_route=\/wp\/v2\/pages\/36"}],"collection":[{"href":"https:\/\/www.fw-andrea.at\/wp\/index.php?rest_route=\/wp\/v2\/pages"}],"about":[{"href":"https:\/\/www.fw-andrea.at\/wp\/index.php?rest_route=\/wp\/v2\/types\/page"}],"author":[{"embeddable":true,"href":"https:\/\/www.fw-andrea.at\/wp\/index.php?rest_route=\/wp\/v2\/users\/1"}],"replies":[{"embeddable":true,"href":"https:\/\/www.fw-andrea.at\/wp\/index.php?rest_route=%2Fwp%2Fv2%2Fcomments&post=36"}],"version-history":[{"count":3,"href":"https:\/\/www.fw-andrea.at\/wp\/index.php?rest_route=\/wp\/v2\/pages\/36\/revisions"}],"predecessor-version":[{"id":181,"href":"https:\/\/www.fw-andrea.at\/wp\/index.php?rest_route=\/wp\/v2\/pages\/36\/revisions\/181"}],"wp:featuredmedia":[{"embeddable":true,"href":"https:\/\/www.fw-andrea.at\/wp\/index.php?rest_route=\/"}],"wp:attachment":[{"href":"https:\/\/www.fw-andrea.at\/wp\/index.php?rest_route=%2Fwp%2Fv2%2Fmedia&parent=36"}],"curies":[{"name":"wp","href":"https:\/\/api.w.org\/{rel}","templated":true}]}}