{"id":34,"date":"2014-06-28T01:05:57","date_gmt":"2014-06-27T23:05:57","guid":{"rendered":"http:\/\/sonnenhof-stanzach.bertramschedler.at\/wordpress\/?page_id=2"},"modified":"2018-12-08T21:14:42","modified_gmt":"2018-12-08T19:14:42","slug":"beispiel-seite-2","status":"publish","type":"page","link":"https:\/\/www.fw-andrea.at\/wp\/","title":{"rendered":"Startseite"},"content":{"rendered":"<p><strong>Herzlich Willkommen auf\u00a0Ferienwohnung\u00a0Andrea<\/strong><\/p>\n<p>Wir befinden uns in H\u00e4gerau\u00a0im einzigartigen Tiroler Lechtal. Unser Haus liegt drei Gehminuten vom Ortszentrum entfernt in ruhiger und sonniger Lage direkt am Lechweg. Eine angenehme und wohltuenden Atmosph\u00e4re soll Sie ab der ersten Minute den Alltag vergessen und jeden Augenblick Ihres verdienten Urlaubes genie\u00dfen lassen. Von unseren gem\u00fctlich eingerichteten Ferienwohnungen\u00a0mit Dusche und Balkon er\u00f6ffnet sich ein wunderbarer Blick in die prachtvolle Bergkulisse der Lechtaler und Allg\u00e4uer Alpen. Nehmen Sie sich eine Auszeit und g\u00f6nnen Sie sich unbeschwert Ruhe und Erholung. Selbstverst\u00e4ndlich steht Ihnen dazu auch unsere gro\u00dfe Liegewiese zur Verf\u00fcgung.<\/p>\n<p>&nbsp;<\/p>\n<p>\u201eIhre Gastgeberin\u201c &#8211;\u00a0Andrea<\/p>\n<p>&nbsp;<\/p>\n<h2>Schnellanfrage<\/h2>\n\n<div class=\"wpcf7 no-js\" id=\"wpcf7-f121-o1\" lang=\"de-DE\" dir=\"ltr\">\n<div class=\"screen-reader-response\"><p role=\"status\" aria-live=\"polite\" aria-atomic=\"true\"><\/p> <ul><\/ul><\/div>\n<form action=\"\/wp\/index.php?rest_route=%2Fwp%2Fv2%2Fpages%2F34#wpcf7-f121-o1\" method=\"post\" class=\"wpcf7-form init\" aria-label=\"Kontaktformular\" novalidate=\"novalidate\" data-status=\"init\">\n<div style=\"display: none;\">\n<input type=\"hidden\" name=\"_wpcf7\" value=\"121\" \/>\n<input type=\"hidden\" name=\"_wpcf7_version\" value=\"5.7.7\" \/>\n<input type=\"hidden\" name=\"_wpcf7_locale\" value=\"de_DE\" \/>\n<input type=\"hidden\" name=\"_wpcf7_unit_tag\" value=\"wpcf7-f121-o1\" \/>\n<input type=\"hidden\" name=\"_wpcf7_container_post\" value=\"0\" \/>\n<input type=\"hidden\" name=\"_wpcf7_posted_data_hash\" value=\"\" \/>\n<\/div>\n<p>Ihr Name (Pflichtfeld)\n<\/p>\n<p><span class=\"wpcf7-form-control-wrap\" data-name=\"Name\"><input size=\"40\" class=\"wpcf7-form-control wpcf7-text wpcf7-validates-as-required\" aria-required=\"true\" aria-invalid=\"false\" value=\"\" type=\"text\" name=\"Name\" \/><\/span>\n<\/p>\n<p>Ihre email Adresse (Pflichtfeld)\n<\/p>\n<p><span class=\"wpcf7-form-control-wrap\" data-name=\"email-161\"><input size=\"40\" class=\"wpcf7-form-control wpcf7-text wpcf7-email wpcf7-validates-as-required wpcf7-validates-as-email\" aria-required=\"true\" aria-invalid=\"false\" value=\"\" type=\"email\" name=\"email-161\" \/><\/span>\n<\/p>\n<p>Ihre Telefonnummer (Pflichtfeld)\n<\/p>\n<p><span class=\"wpcf7-form-control-wrap\" data-name=\"Telefonnummer\"><input size=\"40\" class=\"wpcf7-form-control wpcf7-text wpcf7-tel wpcf7-validates-as-required wpcf7-validates-as-tel\" aria-required=\"true\" aria-invalid=\"false\" placeholder=\"0043 5633 5496\" value=\"\" type=\"tel\" name=\"Telefonnummer\" \/><\/span>\n<\/p>\n<p>Die Telefonnummer bitte mit L\u00e4ndervorwahl eingeben.\n<\/p>\n<p>Wann w\u00fcrden sie gerne zu uns kommen?\n<\/p>\n<p><span class=\"wpcf7-form-control-wrap\" data-name=\"Datum\"><input size=\"40\" class=\"wpcf7-form-control wpcf7-text wpcf7-validates-as-required\" aria-required=\"true\" aria-invalid=\"false\" value=\"01.01.2015 - 07.01.2015\" type=\"text\" name=\"Datum\" \/><\/span>\n<\/p>\n<p>Datum bitte wie oben Angeben.\n<\/p>\n<p>Bitte geben sie den Text unten ein\n<\/p>\n<p><span class=\"wpcf7-form-control-wrap\" data-name=\"captcha-879\"><input size=\"40\" class=\"wpcf7-form-control wpcf7-captchar\" autocomplete=\"off\" aria-invalid=\"false\" value=\"\" type=\"text\" name=\"captcha-879\" \/><\/span>\n<\/p>\n<p><input type=\"hidden\" name=\"_wpcf7_captcha_challenge_captcha-879\" value=\"3865120481\" \/><img loading=\"lazy\" decoding=\"async\" class=\"wpcf7-form-control wpcf7-captchac wpcf7-captcha-captcha-879\" width=\"72\" height=\"24\" alt=\"captcha\" src=\"https:\/\/www.fw-andrea.at\/wp\/wp-content\/uploads\/wpcf7_captcha\/3865120481.png\" \/>\n<\/p>\n<p>Mit klicken auf \"Senden\" stimmen sie unserer Datenschutzerkl\u00e4rung zu.\n<\/p>\n<p><input class=\"wpcf7-form-control has-spinner wpcf7-submit\" type=\"submit\" value=\"Senden\" \/>\n<\/p><div class=\"wpcf7-response-output\" aria-hidden=\"true\"><\/div>\n<\/form>\n<\/div>\n\n<p>&nbsp;<\/p>\n","protected":false},"excerpt":{"rendered":"<p>Herzlich Willkommen auf\u00a0Ferienwohnung\u00a0Andrea Wir befinden uns in H\u00e4gerau\u00a0im einzigartigen Tiroler Lechtal. Unser Haus liegt drei Gehminuten vom Ortszentrum entfernt in ruhiger und sonniger Lage direkt am Lechweg. Eine angenehme und wohltuenden Atmosph\u00e4re soll Sie ab der ersten Minute den Alltag vergessen und jeden Augenblick Ihres verdienten Urlaubes genie\u00dfen lassen. Von unseren gem\u00fctlich eingerichteten Ferienwohnungen\u00a0mit Dusche [&hellip;]<\/p>\n","protected":false},"author":1,"featured_media":0,"parent":0,"menu_order":0,"comment_status":"closed","ping_status":"closed","template":"","meta":{"footnotes":""},"class_list":["post-34","page","type-page","status-publish","hentry"],"jetpack_shortlink":"https:\/\/wp.me\/P4MPbU-y","jetpack_sharing_enabled":true,"_links":{"self":[{"href":"https:\/\/www.fw-andrea.at\/wp\/index.php?rest_route=\/wp\/v2\/pages\/34"}],"collection":[{"href":"https:\/\/www.fw-andrea.at\/wp\/index.php?rest_route=\/wp\/v2\/pages"}],"about":[{"href":"https:\/\/www.fw-andrea.at\/wp\/index.php?rest_route=\/wp\/v2\/types\/page"}],"author":[{"embeddable":true,"href":"https:\/\/www.fw-andrea.at\/wp\/index.php?rest_route=\/wp\/v2\/users\/1"}],"replies":[{"embeddable":true,"href":"https:\/\/www.fw-andrea.at\/wp\/index.php?rest_route=%2Fwp%2Fv2%2Fcomments&post=34"}],"version-history":[{"count":12,"href":"https:\/\/www.fw-andrea.at\/wp\/index.php?rest_route=\/wp\/v2\/pages\/34\/revisions"}],"predecessor-version":[{"id":314,"href":"https:\/\/www.fw-andrea.at\/wp\/index.php?rest_route=\/wp\/v2\/pages\/34\/revisions\/314"}],"wp:attachment":[{"href":"https:\/\/www.fw-andrea.at\/wp\/index.php?rest_route=%2Fwp%2Fv2%2Fmedia&parent=34"}],"curies":[{"name":"wp","href":"https:\/\/api.w.org\/{rel}","templated":true}]}}