{"id":300,"date":"2018-08-26T23:37:47","date_gmt":"2018-08-26T21:37:47","guid":{"rendered":"http:\/\/www.fw-andrea.at\/wp\/?page_id=300"},"modified":"2018-12-08T21:13:13","modified_gmt":"2018-12-08T19:13:13","slug":"datenschutzerklaerung","status":"publish","type":"page","link":"https:\/\/www.fw-andrea.at\/wp\/?page_id=300","title":{"rendered":"Datenschutzerkl\u00e4rung"},"content":{"rendered":"<p><b>DATENSCHUTZERKL\u00c4RUNG<\/b><\/p>\n<p><b>1. Allgemeines<\/b><\/p>\n<p>Wir nehmen den Schutz Ihrer pers\u00f6nlichen Daten sehr ernst. Personenbezogene Daten (insbesondere Name, Anschrift und E-Mail-Adresse) werden von uns nur gem\u00e4\u00df den Bestimmungen des \u00f6sterreichischen Datenschutzrechts verarbeitet. Wir weisen darauf hin, dass die Daten\u00fcbertragung im Internet (z.B. bei der Kommunikation per E-Mail) Sicherheitsl\u00fccken aufweisen kann. Ein l\u00fcckenloser Schutz der Daten vor dem Zugriff durch Dritte ist nicht m\u00f6glich.<\/p>\n<p>Die nachfolgenden Punkte informieren \u00fcber Art, Umfang und Zweck der Erhebung, Verarbeitung und Nutzung personenbezogener Daten.<\/p>\n<p><b>2. Automatische Datenerfassung<\/b><\/p>\n<p>Aus technischen Gr\u00fcnden werden u.a. folgende Nutzungsdaten, die der Internet-Browser eines Users an uns \u00fcbermittelt, erfasst:<\/p>\n<ul>\n<li>Browsertyp und \u2013version;<\/li>\n<li>verwendetes Betriebssystem;<\/li>\n<li>Website, die der User besucht;<\/li>\n<li>Datum und Uhrzeit des Zugriffs;<\/li>\n<li>Internet Protokoll (IP)-Adresse des Rechners des Users.<\/li>\n<\/ul>\n<p>Diese Daten werden getrennt von eventuell bekannt gegebenen Daten gespeichert und zu statistischen Zwecken ausgewertet, um den Internetauftritt und die Angebote optimieren zu k\u00f6nnen.<\/p>\n<p><b>3. Datenverwendung<\/b><\/p>\n<p>Die von Ihnen angegebenen personenbezogenen Daten (etwa Name, Anschrift und E-Mail-Adresse) werden von uns wie folgt verwendet:<\/p>\n<ul>\n<li>F\u00fcr die Buchung einer Ferienwohnung, einer Pauschale oder die Erstellung einer unverbindlichen Anfrage ist die Angabe Ihrer Kontaktdaten erforderlich. Sie haben dabei nur die rot markierten Felder (Name, Anschrift und\u00a0E-Mail-Adresse, sowie Name und Geburtsdatum der Reiseteilnehmer) anzugeben, sowie Daten betreffend die Anfrage (z.B. Aufenthaltszeitraum). Dar\u00fcber hinausgehende Angaben (etwa Telefon- oder Telefaxnummer) sind nicht zwingend erforderlich.<\/li>\n<\/ul>\n<p>Die von Ihnen bekanntgegebenen personenbezogenen Daten werden vom Betreiber nur insoweit verarbeitet und genutzt, als sie f\u00fcr die Bearbeitung der Anfrage und\/oder die Erbringung der angeforderten Leistung erforderlich sind.<\/p>\n<p>Im Zuge dieser Datenverarbeitung leitet der Betreiber die erhobenen personenbezogenen Daten an folgende Dritte weiter:<\/p>\n<ul>\n<li>TVB Lechtal, Tourismusb\u00fcro Elbigenalp, Untergiblen 23, A-6652 Elbigenalp<\/li>\n<\/ul>\n<p><b>4. Cookies<\/b><\/p>\n<p>Wir verwenden teilweise sogenannte \u201eCookies\u201c. Cookies richten auf Ihrem Rechner keinen Schaden an und enthalten keine Viren. Cookies dienen dazu, unser Angebot nutzenfreundlicher, effektiver und sicherer zu machen. Cookies sind kleine Textdateien, die auf Ihrem Rechner abgelegt werden und die Ihr Browser speichert. Die meisten der von uns verwendeten Cookies sind so genannte \u201eSession-Cookies\u201c. Sie werden nach Ende Ihres Besuchs automatisch gel\u00f6scht. Andere Cookies bleiben auf Ihrem Endger\u00e4t gespeichert, bis Sie diese l\u00f6schen. Diese Cookies erm\u00f6glichen es uns, Ihren Browser beim n\u00e4chsten Besuch wiederzuerkennen.<\/p>\n<p>Sie k\u00f6nnen Ihren Browser so einstellen, dass Sie \u00fcber das Setzen von Cookies informiert werden und Cookies nur im Einzelfall erlauben, die Annahme von Cookies f\u00fcr bestimmte F\u00e4lle oder generell ausschlie\u00dfen sowie das automatische L\u00f6schen der Cookies beim Schlie\u00dfen des Browsers aktivieren. Bei der Deaktivierung von Cookies kann die Funktionalit\u00e4t der Webseite eingeschr\u00e4nkt sein.<\/p>\n<p><b>5. Social Plugins<\/b><\/p>\n<p>5.1\u00a0Welche social Plugins werden verwendet?<\/p>\n<p>Wir verwenden keine Social Plugins auf unserer Homepage.<\/p>\n<p><b>6. Auskunftserteilung<\/b><\/p>\n<p>Sie haben jederzeit das Recht auf unentgeltliche Ausk\u00fcnfte \u00fcber Ihre gespeicherten personenbezogenen Daten, deren Herkunft und Empf\u00e4nger und den Zweck der Datenverarbeitung sowie ein Recht auf Berichtigung, Sperrung oder L\u00f6schung dieser Daten. Hierzu sowie zu weiteren Fragen zum Thema personenbezogene Daten k\u00f6nnen Sie sich jederzeit an uns wenden.<\/p>\n<p>Bitte wenden Sie sich zur Auskunftserteilung an:<\/p>\n<p><b>Anschrift<br \/>\n<\/b>Andrea Scharf<\/p>\n<p>H\u00e4gerau 32a<\/p>\n<p>6655 Steeg<\/p>\n<p><b><br \/>\nKontakt<br \/>\n<\/b>Telefon: +43\/5633\/5496<\/p>\n<p>Handy: +43\/664\/5731912<\/p>\n<p>E-Mail:<br \/>\nandrea@fw-andrea.at<\/p>\n<p>Internet:<br \/>\nwww.fw-andrea.at<\/p>\n<p>Schlie\u00dflich haben Sie ein Recht auf Beschwerde bei der \u00f6sterreichischen Datenschutzbeh\u00f6rde (Hohenstaufengasse 3, 1010 Wien,\u00a0<a href=\"mailto:dsb@dsb.gv.at\">dsb@dsb.gv.at<\/a>,\u00a0<a href=\"http:\/\/www.dsb.gv.at\/\">www.dsb.gv.at)<\/a><\/p>\n","protected":false},"excerpt":{"rendered":"<p>DATENSCHUTZERKL\u00c4RUNG 1. Allgemeines Wir nehmen den Schutz Ihrer pers\u00f6nlichen Daten sehr ernst. Personenbezogene Daten (insbesondere Name, Anschrift und E-Mail-Adresse) werden von uns nur gem\u00e4\u00df den Bestimmungen des \u00f6sterreichischen Datenschutzrechts verarbeitet. Wir weisen darauf hin, dass die Daten\u00fcbertragung im Internet (z.B. bei der Kommunikation per E-Mail) Sicherheitsl\u00fccken aufweisen kann. Ein l\u00fcckenloser Schutz der Daten vor dem [&hellip;]<\/p>\n","protected":false},"author":1,"featured_media":0,"parent":0,"menu_order":0,"comment_status":"closed","ping_status":"closed","template":"","meta":{"footnotes":""},"class_list":["post-300","page","type-page","status-publish","hentry"],"jetpack_shortlink":"https:\/\/wp.me\/P4MPbU-4Q","jetpack_sharing_enabled":true,"_links":{"self":[{"href":"https:\/\/www.fw-andrea.at\/wp\/index.php?rest_route=\/wp\/v2\/pages\/300"}],"collection":[{"href":"https:\/\/www.fw-andrea.at\/wp\/index.php?rest_route=\/wp\/v2\/pages"}],"about":[{"href":"https:\/\/www.fw-andrea.at\/wp\/index.php?rest_route=\/wp\/v2\/types\/page"}],"author":[{"embeddable":true,"href":"https:\/\/www.fw-andrea.at\/wp\/index.php?rest_route=\/wp\/v2\/users\/1"}],"replies":[{"embeddable":true,"href":"https:\/\/www.fw-andrea.at\/wp\/index.php?rest_route=%2Fwp%2Fv2%2Fcomments&post=300"}],"version-history":[{"count":5,"href":"https:\/\/www.fw-andrea.at\/wp\/index.php?rest_route=\/wp\/v2\/pages\/300\/revisions"}],"predecessor-version":[{"id":312,"href":"https:\/\/www.fw-andrea.at\/wp\/index.php?rest_route=\/wp\/v2\/pages\/300\/revisions\/312"}],"wp:attachment":[{"href":"https:\/\/www.fw-andrea.at\/wp\/index.php?rest_route=%2Fwp%2Fv2%2Fmedia&parent=300"}],"curies":[{"name":"wp","href":"https:\/\/api.w.org\/{rel}","templated":true}]}}