{"id":163,"date":"2014-07-02T16:29:34","date_gmt":"2014-07-02T14:29:34","guid":{"rendered":"http:\/\/www.fw-andrea.at\/wp\/?page_id=163"},"modified":"2019-10-10T23:09:59","modified_gmt":"2019-10-10T21:09:59","slug":"163-2","status":"publish","type":"page","link":"https:\/\/www.fw-andrea.at\/wp\/?page_id=163","title":{"rendered":"Impressum"},"content":{"rendered":"<h2><strong>Ferienwohnungen Andrea Scharf<\/strong><\/h2>\n<p><strong>Anschrift<br \/>\n<\/strong>Andrea Scharf<br \/>\nH\u00e4gerau 32a<br \/>\n6655 Steeg<\/p>\n<p><strong><br \/>\nKontakt<br \/>\n<\/strong>Telefon: +43\/5633\/5496<br \/>\nHandy: +43\/664\/5731912<br \/>\nE-Mail: \u2028 andrea@fw-andrea.at<br \/>\nInternet: \u2028 www.fw-andrea.at<\/p>\n<p><strong>Bankverbindung<\/strong><br \/>\nBankname:<br \/>\nKontonummer:<br \/>\nBLZ:<br \/>\nIBAN:<br \/>\nBIC:<\/p>\n<p><strong>Verantwortlich handelnde Person f\u00fcr den Inhalt (Autor)<\/strong><br \/>\nAndrea Scharf<\/p>\n<p><strong>Bildernachweis:<\/strong><br \/>\nFotos,\u00a0Andrea Scharf<\/p>\n<p>Der Autor ist bestrebt, in allen Publikationen die Urheberrechte der verwendeten Bilder, Grafiken, Tondokumente, Videosequenzen und Texte zu beachten, von ihm selbst erstellte Bilder, Grafiken, Tondokumente, Videosequenzen und Texte zu nutzen oder auf lizenzfreie Grafiken, Tondokumente, Videosequenzen und Texte zur\u00fcckzugreifen. Alle innerhalb des Internetangebotes genannten und ggf. durch Dritte gesch\u00fctzten Marken- und Warenzeichen unterliegen uneingeschr\u00e4nkt den Bestimmungen des jeweils g\u00fcltigen Kennzeichenrechts und den Besitzrechten der jeweiligen eingetragenen Eigent\u00fcmer. Allein aufgrund der blo\u00dfen Nennung ist nicht der Schluss zu ziehen, dass Markenzeichen nicht durch Rechte Dritter gesch\u00fctzt sind! Das Copyright f\u00fcr ver\u00f6ffentlichte, vom Autor selbst erstellte Objekte bleibt allein beim Autor der Seiten. Eine Vervielf\u00e4ltigung oder Verwendung solcher Grafiken, Tondokumente, Videosequenzen und Texte in anderen elektronischen oder gedruckten Publikationen ist ohne ausdr\u00fcckliche Zustimmung des Autors nicht gestattet.<\/p>\n<p><strong>Webdesign \/ Entwicklung:<\/strong><\/p>\n<p><a href=\"https:\/\/www.fw-andrea.at\/wp\/wp-content\/uploads\/2019\/10\/IMG_8986.jpg\"><img loading=\"lazy\" decoding=\"async\" class=\"size-medium wp-image-334 alignleft\" src=\"https:\/\/www.fw-andrea.at\/wp\/wp-content\/uploads\/2019\/10\/IMG_8986-300x196.jpg\" alt=\"\" width=\"300\" height=\"196\" \/><\/a><\/p>\n<p>Die Website wurde nach w\u00fcnschen des Autors erstellt, alle Verwendeten Inhalte wurden vom Autor zur Verf\u00fcgung gestellt, es besteht keinerlei Haftung f\u00fcr den Ersteller der Website. Verwendete Themes wurden vom Autor vorgeschlagen, etwaige Lizenzanforderungen werden vom Autor getragen. Der Autor ist f\u00fcr den Inhalt, die Gestaltung (Themes) verantwortlich.<\/p>\n<p><em>CMS-L\u00f6sung:<\/em>\u00a0WordPress<br \/>\n<em>Theme of <a href=\"http:\/\/96themes.com\/\" target=\"_blank\" rel=\"designer noopener noreferrer\">96 THEME<\/a>: Holidays<\/em><\/p>\n<p><strong>Unser Anliegen:<\/strong><\/p>\n<h2><strong>Rechtliches<\/strong><\/h2>\n<p><strong>Haftungsausschluss<\/strong><br \/>\nBei direkten oder indirekten Verweisen auf fremde Internetseiten (\u201cLinks\u201d), die au\u00dferhalb des Verantwortungsbereiches des Autors liegen, w\u00fcrde eine Haftungsverpflichtung ausschlie\u00dflich in dem Fall in Kraft treten, in dem der Autor von den Inhalten Kenntnis hat und es ihm technisch m\u00f6glich und zumutbar w\u00e4re, die Nutzung im Falle rechtswidriger Inhalte zu verhindern.<\/p>\n<p>Der Autor erkl\u00e4rt hiermit ausdr\u00fccklich, dass zum Zeitpunkt der Linksetzung keine illegalen Inhalte auf den zu verlinkenden Seiten erkennbar waren. Auf die aktuelle und zuk\u00fcnftige Gestaltung, die Inhalte oder die Urheberschaft der gelinkten\/verkn\u00fcpften Seiten hat der Autor keinerlei Einfluss. Deshalb distanziert er sich hiermit ausdr\u00fccklich von allen Inhalten aller gelinkten \/verkn\u00fcpften Seiten, die nach der Linksetzung ver\u00e4ndert wurden.<\/p>\n<p>Diese Feststellung gilt f\u00fcr alle innerhalb des eigenen Internetangebotes gesetzten Links und Verweise sowie f\u00fcr Fremdeintr\u00e4ge in vom Autor eingerichteten G\u00e4steb\u00fcchern, Diskussionsforen und Mailinglisten. F\u00fcr illegale, fehlerhafte oder unvollst\u00e4ndige Inhalte und insbesondere f\u00fcr Sch\u00e4den, die aus der Nutzung oder Nichtnutzung solcherart dargebotener Informationen entstehen, haftet allein der Anbieter der Seite, auf welche verwiesen wurde, nicht derjenige, der \u00fcber Links auf die jeweilige Ver\u00f6ffentlichung lediglich verweist.<\/p>\n<p><strong>Facebook:<\/strong><br \/>\nDiese Webseite nutzt Plugins des Anbieters Facebook.com, welche durch das Unternehmen Facebook Inc., 1601 S. California Avenue, Palo Alto, CA 94304 in den USA bereitgestellt werden. Nutzer unserer Webseite, auf der das Facebook-Plugin installiert ist, werden hiermit darauf hingewiesen, dass durch das Plugin eine Verbindung zu Facebook aufgebaut wird, wodurch eine \u00dcbermittlung an Ihren Browser durchgef\u00fchrt wird, damit das Plugin auf der Webseite erscheint. Des Weiteren werden durch die Nutzung Daten an die Facebook-Server weitergeleitet, welche Informationen \u00fcber Ihre Webseitenbesuche auf unserer Homepage enthalten. Dies hat f\u00fcr eingeloggte Facebook-Nutzer zur Folge, dass die Nutzungsdaten ihrem pers\u00f6nlichen Facebook-Account zugeordnet werden. Sobald Sie als eingeloggter Facebook-Nutzer aktiv das Facebook-Plugin nutzen (z.B. durch das Klicken auf den \u201eGef\u00e4llt mir\u201c Knopf oder die Nutzung der Kommentarfunktion), werden diese Daten zu Ihrem Facebook-Account \u00fcbertragen und ver\u00f6ffentlicht. Dies k\u00f6nnen Sie nur durch vorheriges Ausloggen aus Ihrem Facebook-Account umgehen. Weitere Information bez\u00fcglich der Datennutzung durch Facebook entnehmen Sie bitte den datenschutzrechtlichen Bestimmungen auf Facebook.<\/p>\n","protected":false},"excerpt":{"rendered":"<p>Ferienwohnungen Andrea Scharf Anschrift Andrea Scharf H\u00e4gerau 32a 6655 Steeg Kontakt Telefon: +43\/5633\/5496 Handy: +43\/664\/5731912 E-Mail: \u2028 andrea@fw-andrea.at Internet: \u2028 www.fw-andrea.at Bankverbindung Bankname: Kontonummer: BLZ: IBAN: BIC: Verantwortlich handelnde Person f\u00fcr den Inhalt (Autor) Andrea Scharf Bildernachweis: Fotos,\u00a0Andrea Scharf Der Autor ist bestrebt, in allen Publikationen die Urheberrechte der verwendeten Bilder, Grafiken, Tondokumente, Videosequenzen und [&hellip;]<\/p>\n","protected":false},"author":1,"featured_media":0,"parent":0,"menu_order":0,"comment_status":"closed","ping_status":"closed","template":"","meta":{"footnotes":""},"class_list":["post-163","page","type-page","status-publish","hentry"],"jetpack_shortlink":"https:\/\/wp.me\/P4MPbU-2D","jetpack_sharing_enabled":true,"_links":{"self":[{"href":"https:\/\/www.fw-andrea.at\/wp\/index.php?rest_route=\/wp\/v2\/pages\/163"}],"collection":[{"href":"https:\/\/www.fw-andrea.at\/wp\/index.php?rest_route=\/wp\/v2\/pages"}],"about":[{"href":"https:\/\/www.fw-andrea.at\/wp\/index.php?rest_route=\/wp\/v2\/types\/page"}],"author":[{"embeddable":true,"href":"https:\/\/www.fw-andrea.at\/wp\/index.php?rest_route=\/wp\/v2\/users\/1"}],"replies":[{"embeddable":true,"href":"https:\/\/www.fw-andrea.at\/wp\/index.php?rest_route=%2Fwp%2Fv2%2Fcomments&post=163"}],"version-history":[{"count":10,"href":"https:\/\/www.fw-andrea.at\/wp\/index.php?rest_route=\/wp\/v2\/pages\/163\/revisions"}],"predecessor-version":[{"id":337,"href":"https:\/\/www.fw-andrea.at\/wp\/index.php?rest_route=\/wp\/v2\/pages\/163\/revisions\/337"}],"wp:attachment":[{"href":"https:\/\/www.fw-andrea.at\/wp\/index.php?rest_route=%2Fwp%2Fv2%2Fmedia&parent=163"}],"curies":[{"name":"wp","href":"https:\/\/api.w.org\/{rel}","templated":true}]}}