{"id":145,"date":"2014-07-02T14:36:47","date_gmt":"2014-07-02T12:36:47","guid":{"rendered":"http:\/\/www.fw-andrea.at\/wp\/?page_id=145"},"modified":"2025-01-13T12:40:28","modified_gmt":"2025-01-13T10:40:28","slug":"lechtal-aktivcard","status":"publish","type":"page","link":"https:\/\/www.fw-andrea.at\/wp\/?page_id=145","title":{"rendered":"Lechtal Aktivcard"},"content":{"rendered":"<p><strong>Lechtal Aktiv Card &#8211; Die &#8222;All-in-one&#8220; Karte!<\/strong><\/p>\n<p>Diese kleine Karte hat GROSSE Vorteile und bietet Ihnen zahlreiche M\u00f6glichkeiten um den Urlaub so abwechslungsreich wie m\u00f6glich zu gestalten.<\/p>\n<div id=\"c1882\" class=\"csc-default\">\n<div class=\"textwrapper\">\n<h4>IHRE VORTEILE IM \u00dcBERBLICK:<\/h4>\n<\/div>\n<\/div>\n<div id=\"c1872\" class=\"csc-default\">\n<div class=\"textwrapper\">\n<p><b>Kreuz &amp; Quer durch die Naturparkregion<br \/><\/b><b>kostenloser WANDERBUS<br \/><\/b><\/p>\n<ul>\n<li>zwischen Steeg und Reutte\u00a0<\/li>\n<li>erweitert bis nach Lech a. A. und in die Seitent\u00e4ler J\u00f6chelspitze, Kaisers und Gramais<\/li>\n<li>\u00fcber das Hahntennjoch nach Imst sowie in die Seitent\u00e4ler Bschlabs\/Boden, Hinterhornbach und Namlos<\/li>\n<\/ul>\n<\/div>\n<p style=\"text-align: right;\"><a href=\"https:\/\/www.lechtal.at\/service-anreise\/busfahrplaene\/\" target=\"_blank\" rel=\"noopener noreferrer\">Zu den BUSFAHRPL\u00c4NEN<\/a><\/p>\n<p><b>Hoch hinaus &amp; mitten hinein in die Bergwelt<br \/>kostenlose bzw. erm\u00e4\u00dfigte BERGBAHNEN<br \/><\/b>(eine Berg- und Talfahrt pro Tag und Bahn inkludiert!)<\/p>\n<ul>\n<li>Steffisalp Express in Warth | kostenlos<\/li>\n<li>Petersboden-Bahn in Lech | kostenlos<\/li>\n<li>R\u00fcfikopfbahn in Lech | kostenlos<\/li>\n<li>Bergbahn Oberlech in Lech | kostenlos<\/li>\n<li><a href=\"http:\/\/www.reuttener-seilbahnen.at\/\" target=\"_blank\" rel=\"noopener noreferrer\">Reuttener Hahnenkammbahn<\/a>\u00a0in H\u00f6fen | 50% Erm\u00e4\u00dfigung auf den reg. Tarif<\/li>\n<li><b><a href=\"http:\/\/www.lechtaler-bergbahnen.at\/\" target=\"_blank\" rel=\"noopener noreferrer\">Lechtaler Bergbahn<\/a> <\/b>J\u00f6chelspitze in Bach | kostenlos<b><br \/><\/b><\/li>\n<\/ul>\n<p><b>Relaxen &amp; Entspannen<br \/>erm\u00e4\u00dfigte FREI- UND HALLENB\u00c4DER<\/b><\/p>\n<ul>\n<li>Freibad Bach\/Elbigenalp und H\u00e4selgehr \u20ac 1,00\/Tag und Person<\/li>\n<li>Naturerlebnisbad &#8222;Badino&#8220; Vorderhornbach \u20ac 1,00\/Tag und Person<\/li>\n<li>Hallenbad &#8222;<a href=\"http:\/\/www.aquanova.at\/\" target=\"_blank\" rel=\"noopener noreferrer\">Aqua Nova<\/a>&#8220; in Steeg -25%<\/li>\n<li><a href=\"http:\/\/www.alpentherme-ehrenberg.at\/\" target=\"_blank\" rel=\"noopener noreferrer\">Alpentherme Ehrenberg<\/a>\u00a0in Reutte -25%<\/li>\n<\/ul>\n<p><b>Weitere kostenlose und erm\u00e4\u00dfigte Freizeit &amp; Outdoor Angebote<br \/><\/b><\/p>\n<ul>\n<li>gef\u00fchrte <b>Naturparkwanderung &#8222;Stabltour&#8220;<\/b> &#8211; kostenlos<\/li>\n<li><b>Botanische Wanderung<\/b> auf der J\u00f6chelspitze &#8211; kostenlos<\/li>\n<li><b>Tennisplatz\u00a0<\/b>in Bach\/Elbigenalp &#8211; erm\u00e4\u00dfigt<\/li>\n<li><b>Platzkonzerte <\/b>&#8211; kostenlos<\/li>\n<li><a href=\"http:\/\/www.ehrenberg.at\/\" target=\"_blank\" rel=\"noopener noreferrer\">Burgenwelt Ehrenberg\u00a0<\/a> &#8222;Dem Ritter auf der Spur&#8220;<\/li>\n<li><a class=\"external-link-new-window\" title=\"Opens external link in new window\" href=\"http:\/\/www.fun-rafting.at\/\" target=\"http:\/\/www.lechtal.at\/sommer\/sommer-aktiv-lechtal\/rafting-canyoning.html\" rel=\"noopener noreferrer\">Fun Rafting &amp; Canyoning<\/a>\u00a0<\/li>\n<li><b>Naturparkausstellung<\/b><\/li>\n<li><b><a class=\"external-link-new-window\" title=\"Opens internal link in current window\" href=\"http:\/\/wunderkammer.tirol\/\">Museum &#8222;Wunderkammer Elbigenalp&#8220;<\/a><\/b><\/li>\n<li><a class=\"external-link-new-window\" title=\"Opens internal link in current window\" href=\"http:\/\/wallyblitz.at\/\"><b>Sommerrodelbahn &#8222;Wally Blitz&#8220;<\/b> <\/a>50% Erm\u00e4\u00dfigung auf jede Fahrt<\/li>\n<li>Z\u00fcnftige <b>Musikwanderung mit &#8222;D&#8217;Landj\u00e4ger&#8220;<\/b> kostenlos lt. w\u00f6chentlichem Veranstaltungskalender<\/li>\n<li><b>Kinderklettern mit der Bergschule Lechta<\/b>l<\/li>\n<li><b>NEU!<\/b> <b>LECHI Abenteuer &#8211; wandern, entdecken, grillen &amp; chillen<\/b> mit der Kr\u00e4uterhexe Daniela f\u00fcr Kinder und Familien<\/li>\n<\/ul>\n<\/div>\n\n\n<p><a href=\"https:\/\/www.lechtal.at\/naturparkregion-lechtal\/vorteilskarten\/inklusivleistungen-lechtal-aktiv-card\/\" target=\"_blank\" rel=\"noreferrer noopener\" aria-label=\"Hier (\u00f6ffnet in neuem Tab)\">Hier<\/a> finden Sie noch mehr Informationen zur Lechtal Aktiv Card.<\/p>\n","protected":false},"excerpt":{"rendered":"<p>Lechtal Aktiv Card &#8211; Die &#8222;All-in-one&#8220; Karte! Diese kleine Karte hat GROSSE Vorteile und bietet Ihnen zahlreiche M\u00f6glichkeiten um den Urlaub so abwechslungsreich wie m\u00f6glich zu gestalten. IHRE VORTEILE IM \u00dcBERBLICK: Kreuz &amp; Quer durch die Naturparkregionkostenloser WANDERBUS zwischen Steeg und Reutte\u00a0 erweitert bis nach Lech a. A. und in die Seitent\u00e4ler J\u00f6chelspitze, Kaisers und [&hellip;]<\/p>\n","protected":false},"author":1,"featured_media":0,"parent":0,"menu_order":0,"comment_status":"closed","ping_status":"closed","template":"","meta":{"footnotes":""},"class_list":["post-145","page","type-page","status-publish","hentry"],"jetpack_shortlink":"https:\/\/wp.me\/P4MPbU-2l","jetpack_sharing_enabled":true,"_links":{"self":[{"href":"https:\/\/www.fw-andrea.at\/wp\/index.php?rest_route=\/wp\/v2\/pages\/145"}],"collection":[{"href":"https:\/\/www.fw-andrea.at\/wp\/index.php?rest_route=\/wp\/v2\/pages"}],"about":[{"href":"https:\/\/www.fw-andrea.at\/wp\/index.php?rest_route=\/wp\/v2\/types\/page"}],"author":[{"embeddable":true,"href":"https:\/\/www.fw-andrea.at\/wp\/index.php?rest_route=\/wp\/v2\/users\/1"}],"replies":[{"embeddable":true,"href":"https:\/\/www.fw-andrea.at\/wp\/index.php?rest_route=%2Fwp%2Fv2%2Fcomments&post=145"}],"version-history":[{"count":7,"href":"https:\/\/www.fw-andrea.at\/wp\/index.php?rest_route=\/wp\/v2\/pages\/145\/revisions"}],"predecessor-version":[{"id":449,"href":"https:\/\/www.fw-andrea.at\/wp\/index.php?rest_route=\/wp\/v2\/pages\/145\/revisions\/449"}],"wp:attachment":[{"href":"https:\/\/www.fw-andrea.at\/wp\/index.php?rest_route=%2Fwp%2Fv2%2Fmedia&parent=145"}],"curies":[{"name":"wp","href":"https:\/\/api.w.org\/{rel}","templated":true}]}}