{"id":143,"date":"2014-07-02T14:36:35","date_gmt":"2014-07-02T12:36:35","guid":{"rendered":"http:\/\/www.fw-andrea.at\/wp\/?page_id=143"},"modified":"2025-01-13T12:42:25","modified_gmt":"2025-01-13T10:42:25","slug":"aktivitaeten-winter","status":"publish","type":"page","link":"https:\/\/www.fw-andrea.at\/wp\/?page_id=143","title":{"rendered":"Winter"},"content":{"rendered":"<p>Nicht nur f\u00fcr Wanderer bietet unsere Region ein gro\u00dfes Angebot auch f\u00fcr die Wintersportler steht ein gro\u00dfes Angebot zur Verf\u00fcgung.<\/p>\n<p>F\u00fcr Langl\u00e4ufer:<\/p>\n<ul>\n<li>50 km lange Lechtalloipe unmittelbar vorm Haus, neben der es auch eine Spur f\u00fcr Fu\u00dfg\u00e4nger<\/li>\n<\/ul>\n<p>F\u00fcr Rodelfreunde:<\/p>\n<ul>\n<li>kostenlose Rodelbahn in Steeg<\/li>\n<\/ul>\n<p>F\u00fcr Eisl\u00e4ufer:<\/p>\n<ul>\n<li>bei entsprechender K\u00e4lte ein Eislaufplatz in Holzgau.<\/li>\n<\/ul>\n<p>F\u00fcr Skifahrer besteht die Wahl zwischen:<\/p>\n<ul>\n<li>einem Skilift in Holzgau f\u00fcr Anf\u00e4nger und leicht Fortgeschrittene (Holzgau 4 km entfernt)<\/li>\n<li>Lechtaler Bergbahn in Bach (J\u00f6chelspitze &#8211; 8 km)<\/li>\n<li>Skigebiet Warth-Schr\u00f6cken (10 km). Das Skigebiet Warth-Schr\u00f6cken am Arlberg hat 14 Lifte, mit denen man die 56 Pistenkilometer genie\u00dfen kann und ist, im Vergleich zu seiner Gr\u00f6\u00dfe, das modernste Skigebiet \u00d6sterreichs. Es ist in nur 15 Minuten mit dem Skibus zu erreichen. Aufgrund seiner \u00fcbersichtlichen Gr\u00f6\u00dfe ist es ideal f\u00fcr Familien, aber auch Profi-Skifahrer kommen auf ihre Rechnung. F\u00fcr die Kleinsten gibt es ein M\u00e4rchenland. au\u00dferdem z\u00e4hlt Warth-Schr\u00f6cken zu den schneesichersten Skigebieten der Alpen<\/li>\n<\/ul>\n<p><b>NEU:<\/b> Skiverbindung Warth-Lech! Mit dem Zusammenschluss der Skigebiete Lech Z\u00fcrs und Warth-Schr\u00f6cken entsteht am Arlberg das gr\u00f6\u00dfte zusammenh\u00e4ngende Skigebiet Vorarlbergs sowie einer der gr\u00f6\u00dften Tarifverb\u00fcnde \u00d6sterreichs. Bezahlt man einen Aufpreis auf seinen 3-T\u00e4ler-Skipass, kann man nun 94 Lifte und Bahnen, sowie 340 Pistenkilomenter n\u00fctzen!<\/p>\n<p>Mit dem 3-T\u00e4ler-Skipass k\u00f6nnen der Skibus und alle Skigebiete in der Umgebung genutzt werden (J\u00f6chelspitze, Holzgau, Warth und andere).<\/p>\n<p>F\u00fcr Fu\u00dfg\u00e4nger gibt es in Warth ebenfalls sch\u00f6ne Spazierwege inmitten einer traumhaften Winterlandschaft und auch Langl\u00e4ufer kommen dort oben nicht zu kurz.<\/p>\n","protected":false},"excerpt":{"rendered":"<p>Nicht nur f\u00fcr Wanderer bietet unsere Region ein gro\u00dfes Angebot auch f\u00fcr die Wintersportler steht ein gro\u00dfes Angebot zur Verf\u00fcgung. F\u00fcr Langl\u00e4ufer: 50 km lange Lechtalloipe unmittelbar vorm Haus, neben der es auch eine Spur f\u00fcr Fu\u00dfg\u00e4nger F\u00fcr Rodelfreunde: kostenlose Rodelbahn in Steeg F\u00fcr Eisl\u00e4ufer: bei entsprechender K\u00e4lte ein Eislaufplatz in Holzgau. F\u00fcr Skifahrer besteht [&hellip;]<\/p>\n","protected":false},"author":1,"featured_media":0,"parent":0,"menu_order":0,"comment_status":"closed","ping_status":"closed","template":"","meta":{"footnotes":""},"class_list":["post-143","page","type-page","status-publish","hentry"],"jetpack_shortlink":"https:\/\/wp.me\/P4MPbU-2j","jetpack_sharing_enabled":true,"_links":{"self":[{"href":"https:\/\/www.fw-andrea.at\/wp\/index.php?rest_route=\/wp\/v2\/pages\/143"}],"collection":[{"href":"https:\/\/www.fw-andrea.at\/wp\/index.php?rest_route=\/wp\/v2\/pages"}],"about":[{"href":"https:\/\/www.fw-andrea.at\/wp\/index.php?rest_route=\/wp\/v2\/types\/page"}],"author":[{"embeddable":true,"href":"https:\/\/www.fw-andrea.at\/wp\/index.php?rest_route=\/wp\/v2\/users\/1"}],"replies":[{"embeddable":true,"href":"https:\/\/www.fw-andrea.at\/wp\/index.php?rest_route=%2Fwp%2Fv2%2Fcomments&post=143"}],"version-history":[{"count":6,"href":"https:\/\/www.fw-andrea.at\/wp\/index.php?rest_route=\/wp\/v2\/pages\/143\/revisions"}],"predecessor-version":[{"id":450,"href":"https:\/\/www.fw-andrea.at\/wp\/index.php?rest_route=\/wp\/v2\/pages\/143\/revisions\/450"}],"wp:attachment":[{"href":"https:\/\/www.fw-andrea.at\/wp\/index.php?rest_route=%2Fwp%2Fv2%2Fmedia&parent=143"}],"curies":[{"name":"wp","href":"https:\/\/api.w.org\/{rel}","templated":true}]}}