{"id":141,"date":"2014-07-02T14:36:23","date_gmt":"2014-07-02T12:36:23","guid":{"rendered":"http:\/\/www.fw-andrea.at\/wp\/?page_id=141"},"modified":"2025-01-13T12:43:46","modified_gmt":"2025-01-13T10:43:46","slug":"aktivitaeten-sommer","status":"publish","type":"page","link":"https:\/\/www.fw-andrea.at\/wp\/?page_id=141","title":{"rendered":"Sommer"},"content":{"rendered":"<p>Im Sommer bekommen Sie bei uns die &#8222;Lechtal Aktiv Card&#8220; inklusive (g\u00fcltig von Mitte Juni bis Mitte Oktober).<\/p>\n<p>Diese beinhaltet folgende Angebote:<\/p>\n<p>Den Wanderbus zwischen Reutte und Lech und in die Seitent\u00e4ler.<\/p>\n<p>Folgende Bergbahnen:<\/p>\n<ul>\n<li>Lechtaler Bergbahn in Bach<\/li>\n<li>Steffisalp-Express in Warth<\/li>\n<li>R\u00fcfikopfbahn, Oberlechbahn die Schlegelkopfbahn in Lech.<\/li>\n<\/ul>\n<p>Tennispl\u00e4tze<\/p>\n<ul>\n<li>Elbigenalp\/Bach<\/li>\n<li>Stanzach<\/li>\n<\/ul>\n<p>Freischwimmb\u00e4der(\u00fcberall Aufzahlung pro Person \u20ac 1,&#8211;).<\/p>\n<ul>\n<li>Elbigenalp\/Bach<\/li>\n<li>H\u00e4selgehr<\/li>\n<li>Naturbadeteich in Vorderhornbach<\/li>\n<\/ul>\n<p>Hallenbad<\/p>\n<ul>\n<li>Aqua Nova in Steeg 25% Erm\u00e4\u00dfigung (Hallenbad mit Rutsche!).<\/li>\n<\/ul>\n<p>Der Wanderbus ist von uns in nur 2 Minuten zu Fu\u00df erreichbar. Damit erreicht man zahlreiche Ausgangspunkte f\u00fcr wundersch\u00f6ne Spazierg\u00e4nge, leichte Wanderungen und anspruchsvolle Bergtouren.<\/p>\n<p>In unmittelbarer Umgebung des Hauses flie\u00dft der Wildfluss Lech vorbei, der dem Naturpark Lechtal seinen Namen gibt. Das naturbelassene Bachbett und das beruhigende Rauschen des Wassers laden zu romantischen Grillabenden oder einfach nur zum Entspannen ein.<\/p>\n<p>Auf dem ca. 40 km langen Feld- und Radweg, der quasi direkt am Haus vorbeif\u00fchrt, k\u00f6nnen Sie die idyllische Bergwelt rings um sich genie\u00dfen und ausgedehnte Radtouren und Spazierg\u00e4nge unternehmen.<\/p>\n","protected":false},"excerpt":{"rendered":"<p>Im Sommer bekommen Sie bei uns die &#8222;Lechtal Aktiv Card&#8220; inklusive (g\u00fcltig von Mitte Juni bis Mitte Oktober). Diese beinhaltet folgende Angebote: Den Wanderbus zwischen Reutte und Lech und in die Seitent\u00e4ler. Folgende Bergbahnen: Lechtaler Bergbahn in Bach Steffisalp-Express in Warth R\u00fcfikopfbahn, Oberlechbahn die Schlegelkopfbahn in Lech. Tennispl\u00e4tze Elbigenalp\/Bach Stanzach Freischwimmb\u00e4der(\u00fcberall Aufzahlung pro Person \u20ac [&hellip;]<\/p>\n","protected":false},"author":1,"featured_media":0,"parent":0,"menu_order":0,"comment_status":"closed","ping_status":"closed","template":"","meta":{"footnotes":""},"class_list":["post-141","page","type-page","status-publish","hentry"],"jetpack_shortlink":"https:\/\/wp.me\/P4MPbU-2h","jetpack_sharing_enabled":true,"_links":{"self":[{"href":"https:\/\/www.fw-andrea.at\/wp\/index.php?rest_route=\/wp\/v2\/pages\/141"}],"collection":[{"href":"https:\/\/www.fw-andrea.at\/wp\/index.php?rest_route=\/wp\/v2\/pages"}],"about":[{"href":"https:\/\/www.fw-andrea.at\/wp\/index.php?rest_route=\/wp\/v2\/types\/page"}],"author":[{"embeddable":true,"href":"https:\/\/www.fw-andrea.at\/wp\/index.php?rest_route=\/wp\/v2\/users\/1"}],"replies":[{"embeddable":true,"href":"https:\/\/www.fw-andrea.at\/wp\/index.php?rest_route=%2Fwp%2Fv2%2Fcomments&post=141"}],"version-history":[{"count":6,"href":"https:\/\/www.fw-andrea.at\/wp\/index.php?rest_route=\/wp\/v2\/pages\/141\/revisions"}],"predecessor-version":[{"id":451,"href":"https:\/\/www.fw-andrea.at\/wp\/index.php?rest_route=\/wp\/v2\/pages\/141\/revisions\/451"}],"wp:attachment":[{"href":"https:\/\/www.fw-andrea.at\/wp\/index.php?rest_route=%2Fwp%2Fv2%2Fmedia&parent=141"}],"curies":[{"name":"wp","href":"https:\/\/api.w.org\/{rel}","templated":true}]}}